{"id":4514,"date":"2021-01-15T19:30:43","date_gmt":"2021-01-15T18:30:43","guid":{"rendered":"https:\/\/chetwode.test7.eu\/?page_id=4514"},"modified":"2025-12-12T10:59:47","modified_gmt":"2025-12-12T09:59:47","slug":"mentions-legales","status":"publish","type":"page","link":"https:\/\/www.chetwode.fr\/fr\/mentions-legales\/","title":{"rendered":"Mentions l\u00e9gales &#038; politique de confidentialit\u00e9"},"content":{"rendered":"\t\t<div data-elementor-type=\"wp-page\" data-elementor-id=\"4514\" class=\"elementor elementor-4514\" data-elementor-post-type=\"page\">\n\t\t\t\t\t\t<section class=\"elementor-section elementor-top-section elementor-element elementor-element-be0e081 elementor-section-height-min-height elementor-section-boxed elementor-section-height-default elementor-section-items-middle\" data-id=\"be0e081\" data-element_type=\"section\" data-settings=\"{&quot;background_background&quot;:&quot;classic&quot;}\">\n\t\t\t\t\t\t\t<div class=\"elementor-background-overlay\"><\/div>\n\t\t\t\t\t\t\t<div class=\"elementor-container elementor-column-gap-default\">\n\t\t\t\t\t<div class=\"elementor-column elementor-col-33 elementor-top-column elementor-element elementor-element-6838f25\" data-id=\"6838f25\" data-element_type=\"column\">\n\t\t\t<div class=\"elementor-widget-wrap\">\n\t\t\t\t\t\t\t<\/div>\n\t\t<\/div>\n\t\t\t\t<div class=\"elementor-column elementor-col-33 elementor-top-column elementor-element elementor-element-b4a9dac\" data-id=\"b4a9dac\" data-element_type=\"column\">\n\t\t\t<div class=\"elementor-widget-wrap elementor-element-populated\">\n\t\t\t\t\t\t<div class=\"elementor-element elementor-element-a728bef de_scroll_animation_no elementor-widget elementor-widget-heading\" data-id=\"a728bef\" data-element_type=\"widget\" data-widget_type=\"heading.default\">\n\t\t\t\t<div class=\"elementor-widget-container\">\n\t\t\t\t\t<h1 class=\"elementor-heading-title elementor-size-default\">Mentions l\u00e9gales &amp; politique de confidentialit\u00e9<\/h1>\t\t\t\t<\/div>\n\t\t\t\t<\/div>\n\t\t\t\t\t<\/div>\n\t\t<\/div>\n\t\t\t\t<div class=\"elementor-column elementor-col-33 elementor-top-column elementor-element elementor-element-b3c1bf4\" data-id=\"b3c1bf4\" data-element_type=\"column\">\n\t\t\t<div class=\"elementor-widget-wrap\">\n\t\t\t\t\t\t\t<\/div>\n\t\t<\/div>\n\t\t\t\t\t<\/div>\n\t\t<\/section>\n\t\t\t\t<section class=\"elementor-section elementor-top-section elementor-element elementor-element-ad1ce08 elementor-section-boxed elementor-section-height-default elementor-section-height-default\" data-id=\"ad1ce08\" data-element_type=\"section\">\n\t\t\t\t\t\t<div class=\"elementor-container elementor-column-gap-default\">\n\t\t\t\t\t<div class=\"elementor-column elementor-col-100 elementor-top-column elementor-element elementor-element-591bb9d\" data-id=\"591bb9d\" data-element_type=\"column\">\n\t\t\t<div class=\"elementor-widget-wrap elementor-element-populated\">\n\t\t\t\t\t\t<div class=\"elementor-element elementor-element-d7fef22 de_scroll_animation_no elementor-widget elementor-widget-heading\" data-id=\"d7fef22\" data-element_type=\"widget\" data-widget_type=\"heading.default\">\n\t\t\t\t<div class=\"elementor-widget-container\">\n\t\t\t\t\t<h2 class=\"elementor-heading-title elementor-size-default\">Mentions l\u00e9gales<\/h2>\t\t\t\t<\/div>\n\t\t\t\t<\/div>\n\t\t\t\t\t<\/div>\n\t\t<\/div>\n\t\t\t\t\t<\/div>\n\t\t<\/section>\n\t\t\t\t<section class=\"elementor-section elementor-top-section elementor-element elementor-element-8bf9491 elementor-section-boxed elementor-section-height-default elementor-section-height-default\" data-id=\"8bf9491\" data-element_type=\"section\">\n\t\t\t\t\t\t<div class=\"elementor-container elementor-column-gap-default\">\n\t\t\t\t\t<div class=\"elementor-column elementor-col-100 elementor-top-column elementor-element elementor-element-6a88e0b\" data-id=\"6a88e0b\" data-element_type=\"column\">\n\t\t\t<div class=\"elementor-widget-wrap elementor-element-populated\">\n\t\t\t\t\t\t<div class=\"elementor-element elementor-element-4f79204 de_scroll_animation_no elementor-widget elementor-widget-text-editor\" data-id=\"4f79204\" data-element_type=\"widget\" data-widget_type=\"text-editor.default\">\n\t\t\t\t<div class=\"elementor-widget-container\">\n\t\t\t\t\t\t\t\t\tConform\u00e9ment \u00e0 l\u2019article 6 de la loi du 21 juin 2004, pour la confiance dans l\u2019\u00e9conomie num\u00e9rique, nous vous informons que ce service de communication au public en ligne est mis en place par :\n\n\t\t\t\t\t\t\t\t<\/div>\n\t\t\t\t<\/div>\n\t\t\t\t<div class=\"elementor-element elementor-element-a124984 elementor-position-left elementor-widget__width-initial elementor-widget-tablet__width-inherit elementor-view-default elementor-mobile-position-top de_scroll_animation_no elementor-widget elementor-widget-icon-box\" data-id=\"a124984\" data-element_type=\"widget\" data-settings=\"{&quot;_animation&quot;:&quot;none&quot;}\" data-widget_type=\"icon-box.default\">\n\t\t\t\t<div class=\"elementor-widget-container\">\n\t\t\t\t\t\t\t<div class=\"elementor-icon-box-wrapper\">\n\n\t\t\t\t\t\t<div class=\"elementor-icon-box-icon\">\n\t\t\t\t<span  class=\"elementor-icon\">\n\t\t\t\t<i aria-hidden=\"true\" class=\"fas fa-caret-right\"><\/i>\t\t\t\t<\/span>\n\t\t\t<\/div>\n\t\t\t\n\t\t\t\t\t\t<div class=\"elementor-icon-box-content\">\n\n\t\t\t\t\t\t\t\t\t<h3 class=\"elementor-icon-box-title\">\n\t\t\t\t\t\t<span  >\n\t\t\t\t\t\t\tChetwode (\u00e9diteur du site) :\t\t\t\t\t\t<\/span>\n\t\t\t\t\t<\/h3>\n\t\t\t\t\n\t\t\t\t\n\t\t\t<\/div>\n\t\t\t\n\t\t<\/div>\n\t\t\t\t\t\t<\/div>\n\t\t\t\t<\/div>\n\t\t\t\t<div class=\"elementor-element elementor-element-e559008 de_scroll_animation_no elementor-widget elementor-widget-text-editor\" data-id=\"e559008\" data-element_type=\"widget\" data-widget_type=\"text-editor.default\">\n\t\t\t\t<div class=\"elementor-widget-container\">\n\t\t\t\t\t\t\t\t\t<p><span style=\"color: #102d5e;\">75 rue d&rsquo;Amsterdam,<br \/>75008, Paris, France<\/span><\/p><p><span style=\"color: #102d5e;\">E-mail : contact@chetwode.eu<\/span><\/p><p><span style=\"color: #102d5e;\">SAS au capital de 33 750\u20ac<\/span><br \/><span style=\"color: #102d5e;\">SIRET 51226891300013<\/span><\/p>\t\t\t\t\t\t\t\t<\/div>\n\t\t\t\t<\/div>\n\t\t\t\t<div class=\"elementor-element elementor-element-f0cd09a elementor-position-left elementor-widget__width-initial elementor-widget-tablet__width-inherit elementor-view-default elementor-mobile-position-top de_scroll_animation_no elementor-widget elementor-widget-icon-box\" data-id=\"f0cd09a\" data-element_type=\"widget\" data-settings=\"{&quot;_animation&quot;:&quot;none&quot;}\" data-widget_type=\"icon-box.default\">\n\t\t\t\t<div class=\"elementor-widget-container\">\n\t\t\t\t\t\t\t<div class=\"elementor-icon-box-wrapper\">\n\n\t\t\t\t\t\t<div class=\"elementor-icon-box-icon\">\n\t\t\t\t<span  class=\"elementor-icon\">\n\t\t\t\t<i aria-hidden=\"true\" class=\"fas fa-caret-right\"><\/i>\t\t\t\t<\/span>\n\t\t\t<\/div>\n\t\t\t\n\t\t\t\t\t\t<div class=\"elementor-icon-box-content\">\n\n\t\t\t\t\t\t\t\t\t<h3 class=\"elementor-icon-box-title\">\n\t\t\t\t\t\t<span  >\n\t\t\t\t\t\t\tDirecteur de la publication :\t\t\t\t\t\t<\/span>\n\t\t\t\t\t<\/h3>\n\t\t\t\t\n\t\t\t\t\n\t\t\t<\/div>\n\t\t\t\n\t\t<\/div>\n\t\t\t\t\t\t<\/div>\n\t\t\t\t<\/div>\n\t\t\t\t<div class=\"elementor-element elementor-element-a804d4f de_scroll_animation_no elementor-widget elementor-widget-text-editor\" data-id=\"a804d4f\" data-element_type=\"widget\" data-widget_type=\"text-editor.default\">\n\t\t\t\t<div class=\"elementor-widget-container\">\n\t\t\t\t\t\t\t\t\t<p><span style=\"color: #102d5e;\"><strong>Jean-Baptiste MAGNEN<\/strong>, Pr\u00e9sident<\/span><\/p>\t\t\t\t\t\t\t\t<\/div>\n\t\t\t\t<\/div>\n\t\t\t\t<div class=\"elementor-element elementor-element-7f83209 elementor-position-left elementor-widget__width-initial elementor-widget-tablet__width-inherit elementor-view-default elementor-mobile-position-top de_scroll_animation_no elementor-widget elementor-widget-icon-box\" data-id=\"7f83209\" data-element_type=\"widget\" data-settings=\"{&quot;_animation&quot;:&quot;none&quot;}\" data-widget_type=\"icon-box.default\">\n\t\t\t\t<div class=\"elementor-widget-container\">\n\t\t\t\t\t\t\t<div class=\"elementor-icon-box-wrapper\">\n\n\t\t\t\t\t\t<div class=\"elementor-icon-box-icon\">\n\t\t\t\t<span  class=\"elementor-icon\">\n\t\t\t\t<i aria-hidden=\"true\" class=\"fas fa-caret-right\"><\/i>\t\t\t\t<\/span>\n\t\t\t<\/div>\n\t\t\t\n\t\t\t\t\t\t<div class=\"elementor-icon-box-content\">\n\n\t\t\t\t\t\t\t\t\t<h3 class=\"elementor-icon-box-title\">\n\t\t\t\t\t\t<span  >\n\t\t\t\t\t\t\tH\u00e9bergeur du site :\t\t\t\t\t\t<\/span>\n\t\t\t\t\t<\/h3>\n\t\t\t\t\n\t\t\t\t\n\t\t\t<\/div>\n\t\t\t\n\t\t<\/div>\n\t\t\t\t\t\t<\/div>\n\t\t\t\t<\/div>\n\t\t\t\t<div class=\"elementor-element elementor-element-d966906 de_scroll_animation_no elementor-widget elementor-widget-text-editor\" data-id=\"d966906\" data-element_type=\"widget\" data-widget_type=\"text-editor.default\">\n\t\t\t\t<div class=\"elementor-widget-container\">\n\t\t\t\t\t\t\t\t\t<span style=\"color: #102d5e;\"><strong>Betanum<\/strong><\/span>\n, 7 rue Saint Maur, 75011 Paris, France<br>\nE-mail : contact@betanum.com\t\t\t\t\t\t\t\t<\/div>\n\t\t\t\t<\/div>\n\t\t\t\t<div class=\"elementor-element elementor-element-b3eee3c elementor-position-left elementor-widget__width-initial elementor-widget-tablet__width-inherit elementor-view-default elementor-mobile-position-top de_scroll_animation_no elementor-widget elementor-widget-icon-box\" data-id=\"b3eee3c\" data-element_type=\"widget\" data-settings=\"{&quot;_animation&quot;:&quot;none&quot;}\" data-widget_type=\"icon-box.default\">\n\t\t\t\t<div class=\"elementor-widget-container\">\n\t\t\t\t\t\t\t<div class=\"elementor-icon-box-wrapper\">\n\n\t\t\t\t\t\t<div class=\"elementor-icon-box-icon\">\n\t\t\t\t<span  class=\"elementor-icon\">\n\t\t\t\t<i aria-hidden=\"true\" class=\"fas fa-caret-right\"><\/i>\t\t\t\t<\/span>\n\t\t\t<\/div>\n\t\t\t\n\t\t\t\t\t\t<div class=\"elementor-icon-box-content\">\n\n\t\t\t\t\t\t\t\t\t<h3 class=\"elementor-icon-box-title\">\n\t\t\t\t\t\t<span  >\n\t\t\t\t\t\t\tPropri\u00e9t\u00e9 intellectuelle : \t\t\t\t\t\t<\/span>\n\t\t\t\t\t<\/h3>\n\t\t\t\t\n\t\t\t\t\n\t\t\t<\/div>\n\t\t\t\n\t\t<\/div>\n\t\t\t\t\t\t<\/div>\n\t\t\t\t<\/div>\n\t\t\t\t<div class=\"elementor-element elementor-element-9a84704 de_scroll_animation_no elementor-widget elementor-widget-text-editor\" data-id=\"9a84704\" data-element_type=\"widget\" data-widget_type=\"text-editor.default\">\n\t\t\t\t<div class=\"elementor-widget-container\">\n\t\t\t\t\t\t\t\t\t<span style=\"color: #102d5e;\">L\u2019ensemble du contenu de ce site est la propri\u00e9t\u00e9 intellectuelle de la soci\u00e9t\u00e9 Chetwode. Toute reproduction ou distribution non autoris\u00e9e, par quelque moyen que ce soit, de tout ou partie des \u00e9l\u00e9ments et informations de ce site est interdite.<\/span>\n\n<br><span style=\"color: #102d5e;\">La soci\u00e9t\u00e9 Chetwode autorise les utilisateurs \u00e0 t\u00e9l\u00e9charger les fichiers mis \u00e0 leur disposition \u00e0 partir de liens hypertextes. La reproduction et l\u2019exploitation des informations (textes, images et photos) publi\u00e9es par la soci\u00e9t\u00e9 Chetwode sur son site ne sont autoris\u00e9es qu\u2019\u00e0 l\u2019usage priv\u00e9 du copiste et non \u00e0 une utilisation collective (article L. 122-5 du Code de la Propri\u00e9t\u00e9 Intellectuelle). Toute repr\u00e9sentation ou reproduction, par quelque proc\u00e9d\u00e9 que ce soit, constituerait donc une contrefa\u00e7on, d\u00e9lit sanctionn\u00e9 de 3 ans d\u2019emprisonnement et de 300 000 \u20ac d\u2019amende (articles L. 335-2 et suivants du Code de la Propri\u00e9t\u00e9 Intellectuelle).<\/span>\t\t\t\t\t\t\t\t<\/div>\n\t\t\t\t<\/div>\n\t\t\t\t<div class=\"elementor-element elementor-element-a1cb00d elementor-position-left elementor-widget__width-initial elementor-widget-tablet__width-inherit elementor-view-default elementor-mobile-position-top de_scroll_animation_no elementor-widget elementor-widget-icon-box\" data-id=\"a1cb00d\" data-element_type=\"widget\" data-settings=\"{&quot;_animation&quot;:&quot;none&quot;}\" data-widget_type=\"icon-box.default\">\n\t\t\t\t<div class=\"elementor-widget-container\">\n\t\t\t\t\t\t\t<div class=\"elementor-icon-box-wrapper\">\n\n\t\t\t\t\t\t<div class=\"elementor-icon-box-icon\">\n\t\t\t\t<span  class=\"elementor-icon\">\n\t\t\t\t<i aria-hidden=\"true\" class=\"fas fa-caret-right\"><\/i>\t\t\t\t<\/span>\n\t\t\t<\/div>\n\t\t\t\n\t\t\t\t\t\t<div class=\"elementor-icon-box-content\">\n\n\t\t\t\t\t\t\t\t\t<h3 class=\"elementor-icon-box-title\">\n\t\t\t\t\t\t<span  >\n\t\t\t\t\t\t\tLimitation de responsabilit\u00e9 :\t\t\t\t\t\t<\/span>\n\t\t\t\t\t<\/h3>\n\t\t\t\t\n\t\t\t\t\n\t\t\t<\/div>\n\t\t\t\n\t\t<\/div>\n\t\t\t\t\t\t<\/div>\n\t\t\t\t<\/div>\n\t\t\t\t<div class=\"elementor-element elementor-element-9421507 de_scroll_animation_no elementor-widget elementor-widget-text-editor\" data-id=\"9421507\" data-element_type=\"widget\" data-widget_type=\"text-editor.default\">\n\t\t\t\t<div class=\"elementor-widget-container\">\n\t\t\t\t\t\t\t\t\t<span style=\"color: #102d5e;\">Les informations qui apparaissent sur ce site sont donn\u00e9es \u00e0 titre indicatif et constituent une pr\u00e9sentation des produits, services, \u00e9tudes et analyses, con\u00e7us et r\u00e9alis\u00e9s par Chetwode. Le site est p\u00e9riodiquement remis \u00e0 jour, mais peut toutefois contenir des inexactitudes, des omissions ou des lacunes. Si vous constatez une lacune, erreur ou ce qui parait \u00eatre un dysfonctionnement, merci de bien vouloir le signaler par email en d\u00e9crivant le probl\u00e8me de la mani\u00e8re la plus pr\u00e9cise possible. Tout contenu t\u00e9l\u00e9charg\u00e9 se fait aux risques et p\u00e9rils de l\u2019utilisateur et sous sa seule responsabilit\u00e9. En cons\u00e9quence, Chetwode ne saurait \u00eatre tenu responsable d\u2019un quelconque dommage subi par l\u2019ordinateur de l\u2019utilisateur ou d\u2019une quelconque perte de donn\u00e9es cons\u00e9cutives au t\u00e9l\u00e9chargement.<\/span>\n\n\t\t\t\t\t\t\t\t<\/div>\n\t\t\t\t<\/div>\n\t\t\t\t<div class=\"elementor-element elementor-element-9dd0267 elementor-position-left elementor-widget__width-initial elementor-widget-tablet__width-inherit elementor-view-default elementor-mobile-position-top de_scroll_animation_no elementor-widget elementor-widget-icon-box\" data-id=\"9dd0267\" data-element_type=\"widget\" data-settings=\"{&quot;_animation&quot;:&quot;none&quot;}\" data-widget_type=\"icon-box.default\">\n\t\t\t\t<div class=\"elementor-widget-container\">\n\t\t\t\t\t\t\t<div class=\"elementor-icon-box-wrapper\">\n\n\t\t\t\t\t\t<div class=\"elementor-icon-box-icon\">\n\t\t\t\t<span  class=\"elementor-icon\">\n\t\t\t\t<i aria-hidden=\"true\" class=\"fas fa-caret-right\"><\/i>\t\t\t\t<\/span>\n\t\t\t<\/div>\n\t\t\t\n\t\t\t\t\t\t<div class=\"elementor-icon-box-content\">\n\n\t\t\t\t\t\t\t\t\t<h3 class=\"elementor-icon-box-title\">\n\t\t\t\t\t\t<span  >\n\t\t\t\t\t\t\tDonn\u00e9es personnelles :\t\t\t\t\t\t<\/span>\n\t\t\t\t\t<\/h3>\n\t\t\t\t\n\t\t\t\t\n\t\t\t<\/div>\n\t\t\t\n\t\t<\/div>\n\t\t\t\t\t\t<\/div>\n\t\t\t\t<\/div>\n\t\t\t\t<div class=\"elementor-element elementor-element-5ea37b9 de_scroll_animation_no elementor-widget elementor-widget-text-editor\" data-id=\"5ea37b9\" data-element_type=\"widget\" data-widget_type=\"text-editor.default\">\n\t\t\t\t<div class=\"elementor-widget-container\">\n\t\t\t\t\t\t\t\t\t<p><span style=\"color: #102d5e;\">En application de la loi \u00ab Informatique et libert\u00e9s \u00bb, les internautes disposent d\u2019un droit d\u2019acc\u00e8s, de rectification, de modification, de suppression ou d\u2019opposition concernant les donn\u00e9es qui les concernent personnellement. Ce droit peut \u00eatre exerc\u00e9 par voie postale aupr\u00e8s de Chetwode \u2013 15-17 rue de Bucarest, 75008, Paris \u2013 France ou par courriel \u00e0 l\u2019adresse email suivante : <a href=\"mailto:contact@chetwode.fr\">contact@chetwode.fr<\/a>. Les informations personnelles collect\u00e9es ne sont en aucun cas confi\u00e9es \u00e0 des tiers, hormis pour le bon traitement de la demande exprim\u00e9e par l\u2019internaute.<\/span><\/p><p><span style=\"color: #102d5e;\">Les donn\u00e9es personnelles peuvent \u00eatre collect\u00e9es au travers d\u2019un formulaire de contact si celui-ci est rempli par l\u2019internaute.<\/span><\/p><p><span style=\"color: #102d5e;\">Le responsable du traitement des donn\u00e9es est Chetwode et son repr\u00e9sentant l\u00e9gal.<br \/>Chetwode est l\u2019unique destinataire de ces donn\u00e9es.<\/span><\/p>\t\t\t\t\t\t\t\t<\/div>\n\t\t\t\t<\/div>\n\t\t\t\t\t<\/div>\n\t\t<\/div>\n\t\t\t\t\t<\/div>\n\t\t<\/section>\n\t\t\t\t<\/div>\n\t\t","protected":false},"excerpt":{"rendered":"<p>Mentions l\u00e9gales &amp; politique de confidentialit\u00e9 Mentions l\u00e9gales Conform\u00e9ment \u00e0 l\u2019article 6 de la loi du 21 juin 2004, pour la confiance dans l\u2019\u00e9conomie num\u00e9rique, nous vous informons que ce service de communication au public en ligne est mis en place par : Chetwode (\u00e9diteur du site) : 75 rue d&rsquo;Amsterdam,75008, Paris, France E-mail : [&hellip;]<\/p>\n","protected":false},"author":6,"featured_media":0,"parent":0,"menu_order":0,"comment_status":"closed","ping_status":"closed","template":"","meta":{"content-type":"","footnotes":""},"class_list":["post-4514","page","type-page","status-publish","hentry"],"yoast_head":"<!-- This site is optimized with the Yoast SEO plugin v26.3 - https:\/\/yoast.com\/wordpress\/plugins\/seo\/ -->\n<title>Mentions L\u00e9gales &amp; Politique de confidentialit\u00e9 | Chetwode<\/title>\n<meta name=\"description\" content=\"Les mentions l\u00e9gales et la politique de confidentialit\u00e9 du site Chetwode\" \/>\n<meta name=\"robots\" content=\"index, follow, max-snippet:-1, max-image-preview:large, max-video-preview:-1\" \/>\n<link rel=\"canonical\" href=\"https:\/\/www.chetwode.fr\/fr\/mentions-legales\/\" \/>\n<meta property=\"og:locale\" content=\"fr_FR\" \/>\n<meta property=\"og:type\" content=\"article\" \/>\n<meta property=\"og:title\" content=\"Mentions L\u00e9gales &amp; Politique de confidentialit\u00e9 | Chetwode\" \/>\n<meta property=\"og:description\" content=\"Les mentions l\u00e9gales et la politique de confidentialit\u00e9 du site Chetwode\" \/>\n<meta property=\"og:url\" content=\"https:\/\/www.chetwode.fr\/fr\/mentions-legales\/\" \/>\n<meta property=\"og:site_name\" content=\"Chetwode - Sp\u00e9cialiste europ\u00e9en des financements industriels\" \/>\n<meta property=\"article:modified_time\" content=\"2025-12-12T09:59:47+00:00\" \/>\n<meta name=\"twitter:card\" content=\"summary_large_image\" \/>\n<meta name=\"twitter:label1\" content=\"Dur\u00e9e de lecture estim\u00e9e\" \/>\n\t<meta name=\"twitter:data1\" content=\"3 minutes\" \/>\n<script type=\"application\/ld+json\" class=\"yoast-schema-graph\">{\"@context\":\"https:\/\/schema.org\",\"@graph\":[{\"@type\":\"WebPage\",\"@id\":\"https:\/\/www.chetwode.fr\/fr\/mentions-legales\/\",\"url\":\"https:\/\/www.chetwode.fr\/fr\/mentions-legales\/\",\"name\":\"Mentions L\u00e9gales & Politique de confidentialit\u00e9 | Chetwode\",\"isPartOf\":{\"@id\":\"https:\/\/www.chetwode.fr\/fr\/#website\"},\"datePublished\":\"2021-01-15T18:30:43+00:00\",\"dateModified\":\"2025-12-12T09:59:47+00:00\",\"description\":\"Les mentions l\u00e9gales et la politique de confidentialit\u00e9 du site Chetwode\",\"breadcrumb\":{\"@id\":\"https:\/\/www.chetwode.fr\/fr\/mentions-legales\/#breadcrumb\"},\"inLanguage\":\"fr-FR\",\"potentialAction\":[{\"@type\":\"ReadAction\",\"target\":[\"https:\/\/www.chetwode.fr\/fr\/mentions-legales\/\"]}]},{\"@type\":\"BreadcrumbList\",\"@id\":\"https:\/\/www.chetwode.fr\/fr\/mentions-legales\/#breadcrumb\",\"itemListElement\":[{\"@type\":\"ListItem\",\"position\":1,\"name\":\"Accueil\",\"item\":\"https:\/\/www.chetwode.fr\/fr\/\"},{\"@type\":\"ListItem\",\"position\":2,\"name\":\"Mentions l\u00e9gales &#038; politique de confidentialit\u00e9\"}]},{\"@type\":\"WebSite\",\"@id\":\"https:\/\/www.chetwode.fr\/fr\/#website\",\"url\":\"https:\/\/www.chetwode.fr\/fr\/\",\"name\":\"Chetwode - Sp\u00e9cialiste europ\u00e9en des financements industriels\",\"description\":\"Sp\u00e9cialiste europ\u00e9en des financements industriels\",\"publisher\":{\"@id\":\"https:\/\/www.chetwode.fr\/fr\/#organization\"},\"potentialAction\":[{\"@type\":\"SearchAction\",\"target\":{\"@type\":\"EntryPoint\",\"urlTemplate\":\"https:\/\/www.chetwode.fr\/fr\/?s={search_term_string}\"},\"query-input\":{\"@type\":\"PropertyValueSpecification\",\"valueRequired\":true,\"valueName\":\"search_term_string\"}}],\"inLanguage\":\"fr-FR\"},{\"@type\":\"Organization\",\"@id\":\"https:\/\/www.chetwode.fr\/fr\/#organization\",\"name\":\"Chetwode - Sp\u00e9cialiste europ\u00e9en des financements industriels\",\"url\":\"https:\/\/www.chetwode.fr\/fr\/\",\"logo\":{\"@type\":\"ImageObject\",\"inLanguage\":\"fr-FR\",\"@id\":\"https:\/\/www.chetwode.fr\/fr\/#\/schema\/logo\/image\/\",\"url\":\"https:\/\/www.chetwode.fr\/wp-content\/uploads\/chetwode-logo-min.png\",\"contentUrl\":\"https:\/\/www.chetwode.fr\/wp-content\/uploads\/chetwode-logo-min.png\",\"width\":256,\"height\":61,\"caption\":\"Chetwode - Sp\u00e9cialiste europ\u00e9en des financements industriels\"},\"image\":{\"@id\":\"https:\/\/www.chetwode.fr\/fr\/#\/schema\/logo\/image\/\"}}]}<\/script>\n<!-- \/ Yoast SEO plugin. -->","yoast_head_json":{"title":"Mentions L\u00e9gales & Politique de confidentialit\u00e9 | Chetwode","description":"Les mentions l\u00e9gales et la politique de confidentialit\u00e9 du site Chetwode","robots":{"index":"index","follow":"follow","max-snippet":"max-snippet:-1","max-image-preview":"max-image-preview:large","max-video-preview":"max-video-preview:-1"},"canonical":"https:\/\/www.chetwode.fr\/fr\/mentions-legales\/","og_locale":"fr_FR","og_type":"article","og_title":"Mentions L\u00e9gales & Politique de confidentialit\u00e9 | Chetwode","og_description":"Les mentions l\u00e9gales et la politique de confidentialit\u00e9 du site Chetwode","og_url":"https:\/\/www.chetwode.fr\/fr\/mentions-legales\/","og_site_name":"Chetwode - Sp\u00e9cialiste europ\u00e9en des financements industriels","article_modified_time":"2025-12-12T09:59:47+00:00","twitter_card":"summary_large_image","twitter_misc":{"Dur\u00e9e de lecture estim\u00e9e":"3 minutes"},"schema":{"@context":"https:\/\/schema.org","@graph":[{"@type":"WebPage","@id":"https:\/\/www.chetwode.fr\/fr\/mentions-legales\/","url":"https:\/\/www.chetwode.fr\/fr\/mentions-legales\/","name":"Mentions L\u00e9gales & Politique de confidentialit\u00e9 | Chetwode","isPartOf":{"@id":"https:\/\/www.chetwode.fr\/fr\/#website"},"datePublished":"2021-01-15T18:30:43+00:00","dateModified":"2025-12-12T09:59:47+00:00","description":"Les mentions l\u00e9gales et la politique de confidentialit\u00e9 du site Chetwode","breadcrumb":{"@id":"https:\/\/www.chetwode.fr\/fr\/mentions-legales\/#breadcrumb"},"inLanguage":"fr-FR","potentialAction":[{"@type":"ReadAction","target":["https:\/\/www.chetwode.fr\/fr\/mentions-legales\/"]}]},{"@type":"BreadcrumbList","@id":"https:\/\/www.chetwode.fr\/fr\/mentions-legales\/#breadcrumb","itemListElement":[{"@type":"ListItem","position":1,"name":"Accueil","item":"https:\/\/www.chetwode.fr\/fr\/"},{"@type":"ListItem","position":2,"name":"Mentions l\u00e9gales &#038; politique de confidentialit\u00e9"}]},{"@type":"WebSite","@id":"https:\/\/www.chetwode.fr\/fr\/#website","url":"https:\/\/www.chetwode.fr\/fr\/","name":"Chetwode - Sp\u00e9cialiste europ\u00e9en des financements industriels","description":"Sp\u00e9cialiste europ\u00e9en des financements industriels","publisher":{"@id":"https:\/\/www.chetwode.fr\/fr\/#organization"},"potentialAction":[{"@type":"SearchAction","target":{"@type":"EntryPoint","urlTemplate":"https:\/\/www.chetwode.fr\/fr\/?s={search_term_string}"},"query-input":{"@type":"PropertyValueSpecification","valueRequired":true,"valueName":"search_term_string"}}],"inLanguage":"fr-FR"},{"@type":"Organization","@id":"https:\/\/www.chetwode.fr\/fr\/#organization","name":"Chetwode - Sp\u00e9cialiste europ\u00e9en des financements industriels","url":"https:\/\/www.chetwode.fr\/fr\/","logo":{"@type":"ImageObject","inLanguage":"fr-FR","@id":"https:\/\/www.chetwode.fr\/fr\/#\/schema\/logo\/image\/","url":"https:\/\/www.chetwode.fr\/wp-content\/uploads\/chetwode-logo-min.png","contentUrl":"https:\/\/www.chetwode.fr\/wp-content\/uploads\/chetwode-logo-min.png","width":256,"height":61,"caption":"Chetwode - Sp\u00e9cialiste europ\u00e9en des financements industriels"},"image":{"@id":"https:\/\/www.chetwode.fr\/fr\/#\/schema\/logo\/image\/"}}]}},"post_mailing_queue_ids":[],"_links":{"self":[{"href":"https:\/\/www.chetwode.fr\/fr\/wp-json\/wp\/v2\/pages\/4514","targetHints":{"allow":["GET"]}}],"collection":[{"href":"https:\/\/www.chetwode.fr\/fr\/wp-json\/wp\/v2\/pages"}],"about":[{"href":"https:\/\/www.chetwode.fr\/fr\/wp-json\/wp\/v2\/types\/page"}],"author":[{"embeddable":true,"href":"https:\/\/www.chetwode.fr\/fr\/wp-json\/wp\/v2\/users\/6"}],"replies":[{"embeddable":true,"href":"https:\/\/www.chetwode.fr\/fr\/wp-json\/wp\/v2\/comments?post=4514"}],"version-history":[{"count":6,"href":"https:\/\/www.chetwode.fr\/fr\/wp-json\/wp\/v2\/pages\/4514\/revisions"}],"predecessor-version":[{"id":17681,"href":"https:\/\/www.chetwode.fr\/fr\/wp-json\/wp\/v2\/pages\/4514\/revisions\/17681"}],"wp:attachment":[{"href":"https:\/\/www.chetwode.fr\/fr\/wp-json\/wp\/v2\/media?parent=4514"}],"curies":[{"name":"wp","href":"https:\/\/api.w.org\/{rel}","templated":true}]}}